{"id":4578,"date":"2026-04-24T11:41:10","date_gmt":"2026-04-24T08:41:10","guid":{"rendered":"https:\/\/chic-go.ro\/?page_id=4578"},"modified":"2026-04-24T11:55:33","modified_gmt":"2026-04-24T08:55:33","slug":"blog","status":"publish","type":"page","link":"https:\/\/chic-go.ro\/en\/blog\/","title":{"rendered":"Blog"},"content":{"rendered":"<div data-elementor-type=\"wp-page\" data-elementor-id=\"4578\" class=\"elementor elementor-4578\" data-elementor-post-type=\"page\">\n\t\t\t\t<div class=\"elementor-element elementor-element-78c0d78 e-flex e-con-boxed e-con e-parent\" data-id=\"78c0d78\" data-element_type=\"container\" data-e-type=\"container\" data-settings=\"{&quot;background_background&quot;:&quot;classic&quot;}\">\n\t\t\t\t\t<div class=\"e-con-inner\">\n\t\t<div class=\"elementor-element elementor-element-5f852e0 e-con-full e-flex e-con e-child\" data-id=\"5f852e0\" data-element_type=\"container\" data-e-type=\"container\">\n\t\t\t\t<div class=\"elementor-element elementor-element-772d52a elementor-widget elementor-widget-heading\" data-id=\"772d52a\" data-element_type=\"widget\" data-e-type=\"widget\" data-widget_type=\"heading.default\">\n\t\t\t\t\t\t<div class=\"elementor-widget-container\">\n\t\t\t\t\t<h1 class=\"elementor-heading-title elementor-size-default\">Blog<\/h1>\t\t\t\t<\/div>\n\t\t\t\t<\/div>\n\t\t\t\t<div class=\"elementor-element elementor-element-c57b9dd elementor-widget-divider--view-line elementor-widget elementor-widget-divider\" data-id=\"c57b9dd\" data-element_type=\"widget\" data-e-type=\"widget\" data-widget_type=\"divider.default\">\n\t\t\t\t\t\t<div class=\"elementor-widget-container\">\n\t\t\t\t\t\t\t<div class=\"elementor-divider\">\n\t\t\t<span class=\"elementor-divider-separator\">\n\t\t\t\t\t\t<\/span>\n\t\t<\/div>\n\t\t\t\t\t\t<\/div>\n\t\t\t\t<\/div>\n\t\t\t\t<div class=\"elementor-element elementor-element-a5ecb02 elementor-widget elementor-widget-text-editor\" data-id=\"a5ecb02\" data-element_type=\"widget\" data-e-type=\"widget\" data-widget_type=\"text-editor.default\">\n\t\t\t\t\t\t<div class=\"elementor-widget-container\">\n\t\t\t\t\t\t\t\t\t<p>Descoper\u0103 pe blogul Chic &amp; GO sfaturi de beauty, tendin\u021be \u00een hairstyling, inspira\u021bie \u0219i nout\u0103\u021bi din salonul nostru din Bucure\u0219ti.<\/p>\t\t\t\t\t\t\t\t<\/div>\n\t\t\t\t<\/div>\n\t\t\t\t<\/div>\n\t\t\t\t\t<\/div>\n\t\t\t\t<\/div>\n\t\t\t\t<section class=\"elementor-section elementor-top-section elementor-element elementor-element-elc2h9y elementor-section-content-middle elementor-reverse-mobile elementor-section-boxed elementor-section-height-default elementor-section-height-default\" data-id=\"elc2h9y\" data-element_type=\"section\" data-e-type=\"section\" data-settings=\"{&quot;background_background&quot;:&quot;classic&quot;}\">\n\t\t\t\t\t\t<div class=\"elementor-container elementor-column-gap-no\">\n\t\t\t\t\t<div class=\"elementor-column elementor-col-100 elementor-top-column elementor-element elementor-element-689bf1d\" data-id=\"689bf1d\" data-element_type=\"column\" data-e-type=\"column\" data-settings=\"{&quot;background_background&quot;:&quot;classic&quot;}\">\n\t\t\t<div class=\"elementor-widget-wrap elementor-element-populated\">\n\t\t\t\t\t\t<div class=\"elementor-element elementor-element-858a6bd elementor-widget elementor-widget-uael-posts\" data-id=\"858a6bd\" data-element_type=\"widget\" data-e-type=\"widget\" data-settings=\"{&quot;feed_slides_to_show_tablet&quot;:2,&quot;feed_slides_to_show_mobile&quot;:1,&quot;feed_show_filters&quot;:&quot;no&quot;}\" data-widget_type=\"uael-posts.feed\">\n\t\t\t\t\t\t<div class=\"elementor-widget-container\">\n\t\t\t\t\t\t\t<div class=\"uael-post__header\">\n\t\t\t\t\t<\/div>\n\t\t<div class=\"uael-post__body\">\n\t\t\t\n\t\t\n\t\t<div class=\"uael-post-grid uael-posts\" data-query-type=\"custom\" data-structure=\"\" data-layout=\"\" data-page=\"4578\" data-skin=\"feed\" data-filter-default=\"\" data-offset-top=\"30\" >\n\n\t\t\t\t\t\t\t<div class=\"uael-post-grid__inner uael-post__columns-1 uael-post__columns-tablet-1 uael-post__columns-mobile-1\">\n\t\t\t\n\n<div class=\"uael-post-wrapper  coafor\">\n\n\t<div class=\"uael-post__bg-wrap\">\n\t\t\n\t\t\n\t\t<div class=\"uael-post__inner-wrap\">\n\n\t\t\t\t<div class=\"uael-post__thumbnail\">\n\t\t\t\n\t\t\t<a href=\"https:\/\/chic-go.ro\/en\/cum-alegi-coafura-potrivita-pentru-evenimente-speciale-si-zi-de-zi\/\" target=\"_self\" title=\"Cum alegi coafura potrivit\u0103 pentru evenimente speciale \u0219i zi de zi\"><img fetchpriority=\"high\" decoding=\"async\" width=\"1920\" height=\"1280\" src=\"https:\/\/chic-go.ro\/wp-content\/uploads\/2026\/04\/um-alegi-coafura-potrivita-pentru-evenimente-speciale-si-zi-de-zi-02.webp\" class=\"attachment-full size-full wp-image-4683\" alt=\"\" srcset=\"https:\/\/chic-go.ro\/wp-content\/uploads\/2026\/04\/um-alegi-coafura-potrivita-pentru-evenimente-speciale-si-zi-de-zi-02.webp 1920w, https:\/\/chic-go.ro\/wp-content\/uploads\/2026\/04\/um-alegi-coafura-potrivita-pentru-evenimente-speciale-si-zi-de-zi-02-300x200.webp 300w, https:\/\/chic-go.ro\/wp-content\/uploads\/2026\/04\/um-alegi-coafura-potrivita-pentru-evenimente-speciale-si-zi-de-zi-02-1024x683.webp 1024w, https:\/\/chic-go.ro\/wp-content\/uploads\/2026\/04\/um-alegi-coafura-potrivita-pentru-evenimente-speciale-si-zi-de-zi-02-768x512.webp 768w, https:\/\/chic-go.ro\/wp-content\/uploads\/2026\/04\/um-alegi-coafura-potrivita-pentru-evenimente-speciale-si-zi-de-zi-02-1536x1024.webp 1536w, https:\/\/chic-go.ro\/wp-content\/uploads\/2026\/04\/um-alegi-coafura-potrivita-pentru-evenimente-speciale-si-zi-de-zi-02-18x12.webp 18w\" sizes=\"(max-width: 1920px) 100vw, 1920px\" \/><\/a>\n\t\t\t\t\t<\/div>\n\t\t\n\t\t\t\n\t\t\t<div class=\"uael-post__content-wrap\">\n\n\t\t\t<span class=\"uael-post__terms\"><a href=\"https:\/\/chic-go.ro\/en\/category\/coafor\/\" class=\"uael-listing__terms-link\" id=\"uael-post-term-coafor\" aria-labelledby=\"uael-post-term-coafor\">Coafor<\/a><\/span>\t\t<h3 class=\"uael-post__title\">\n\n\t\t\n\t\t\t\t\t\t<a href=\"https:\/\/chic-go.ro\/en\/cum-alegi-coafura-potrivita-pentru-evenimente-speciale-si-zi-de-zi\/\" target=\"_self\">\n\t\t\t\tCum alegi coafura potrivit\u0103 pentru evenimente speciale \u0219i zi de zi\t\t\t<\/a>\n\n\t\t\t\t<\/h3>\n\t\t<div class=\"uael-post__separator\"><\/div>\n\t\t<div class=\"uael-post__excerpt\">\n\t\t\tAlegerea coafurii potrivite este un aspect esen\u021bial al imaginii personale, indiferent dac\u0103 vorbim despre o zi obi\u0219nuit\u0103 sau despre un eveniment special. P\u0103rul are capacitatea ...\t\t<\/div>\n\n\t\t\t\t\t<div class=\"uael-post__meta-data\">\n\t\t\t\t\t<span class=\"uael-post__date\">\n\t\t\t\t\t\t\t\t\t\t\t\t\t<i aria-hidden=\"true\" class=\"fa fa-calendar\"><\/i>\t\t\t\t\t\t\t\t\t\n\t\t\tApril 24, 2026\t\t<\/span>\n\t\t\t\t<\/div>\n\t\t\t\t\t<\/div>\n\t\t\t\n\t\t<\/div>\n\t\t\n\t<\/div>\n\n<\/div>\n\n\n<div class=\"uael-post-wrapper  coafor\">\n\n\t<div class=\"uael-post__bg-wrap\">\n\t\t\n\t\t\n\t\t<div class=\"uael-post__inner-wrap\">\n\n\t\t\t\t<div class=\"uael-post__thumbnail\">\n\t\t\t\n\t\t\t<a href=\"https:\/\/chic-go.ro\/en\/coafura-si-modul-in-care-completeaza-intreaga-ta-imagine\/\" target=\"_self\" title=\"Coafura \u0219i modul \u00een care completeaz\u0103 \u00eentreaga ta imagine\"><img decoding=\"async\" width=\"1920\" height=\"1280\" src=\"https:\/\/chic-go.ro\/wp-content\/uploads\/2026\/04\/coafura-si-modul-in-care-completeaza-intreaga-ta-imagine-01.webp\" class=\"attachment-full size-full wp-image-4674\" alt=\"\" srcset=\"https:\/\/chic-go.ro\/wp-content\/uploads\/2026\/04\/coafura-si-modul-in-care-completeaza-intreaga-ta-imagine-01.webp 1920w, https:\/\/chic-go.ro\/wp-content\/uploads\/2026\/04\/coafura-si-modul-in-care-completeaza-intreaga-ta-imagine-01-300x200.webp 300w, https:\/\/chic-go.ro\/wp-content\/uploads\/2026\/04\/coafura-si-modul-in-care-completeaza-intreaga-ta-imagine-01-1024x683.webp 1024w, https:\/\/chic-go.ro\/wp-content\/uploads\/2026\/04\/coafura-si-modul-in-care-completeaza-intreaga-ta-imagine-01-768x512.webp 768w, https:\/\/chic-go.ro\/wp-content\/uploads\/2026\/04\/coafura-si-modul-in-care-completeaza-intreaga-ta-imagine-01-1536x1024.webp 1536w, https:\/\/chic-go.ro\/wp-content\/uploads\/2026\/04\/coafura-si-modul-in-care-completeaza-intreaga-ta-imagine-01-18x12.webp 18w\" sizes=\"(max-width: 1920px) 100vw, 1920px\" \/><\/a>\n\t\t\t\t\t<\/div>\n\t\t\n\t\t\t\n\t\t\t<div class=\"uael-post__content-wrap\">\n\n\t\t\t<span class=\"uael-post__terms\"><a href=\"https:\/\/chic-go.ro\/en\/category\/coafor\/\" class=\"uael-listing__terms-link\" id=\"uael-post-term-coafor\" aria-labelledby=\"uael-post-term-coafor\">Coafor<\/a><\/span>\t\t<h3 class=\"uael-post__title\">\n\n\t\t\n\t\t\t\t\t\t<a href=\"https:\/\/chic-go.ro\/en\/coafura-si-modul-in-care-completeaza-intreaga-ta-imagine\/\" target=\"_self\">\n\t\t\t\tCoafura \u0219i modul \u00een care completeaz\u0103 \u00eentreaga ta imagine\t\t\t<\/a>\n\n\t\t\t\t<\/h3>\n\t\t<div class=\"uael-post__separator\"><\/div>\n\t\t<div class=\"uael-post__excerpt\">\n\t\t\t\u00centr-o lume \u00een care prima impresie conteaz\u0103 mai mult ca niciodat\u0103, fiecare detaliu al aspectului personal contribuie la imaginea pe care o proiect\u0103m \u00een exterior. ...\t\t<\/div>\n\n\t\t\t\t\t<div class=\"uael-post__meta-data\">\n\t\t\t\t\t<span class=\"uael-post__date\">\n\t\t\t\t\t\t\t\t\t\t\t\t\t<i aria-hidden=\"true\" class=\"fa fa-calendar\"><\/i>\t\t\t\t\t\t\t\t\t\n\t\t\tApril 24, 2026\t\t<\/span>\n\t\t\t\t<\/div>\n\t\t\t\t\t<\/div>\n\t\t\t\n\t\t<\/div>\n\t\t\n\t<\/div>\n\n<\/div>\n\t\t\t\t<\/div>\n\t\t\t\t\t\t\n\t\t<\/div>\n\n\t\t\t\t\t\t<\/div>\n\t\t<div class=\"uael-post__footer\">\n\t\t\t\t\t<\/div>\n\t\t\t\t\t\t<\/div>\n\t\t\t\t<\/div>\n\t\t\t\t\t<\/div>\n\t\t<\/div>\n\t\t\t\t\t<\/div>\n\t\t<\/section>\n\t\t\t\t<section class=\"elementor-section elementor-top-section elementor-element elementor-element-1607877 elementor-hidden-desktop elementor-hidden-tablet elementor-hidden-mobile elementor-section-boxed elementor-section-height-default elementor-section-height-default\" data-id=\"1607877\" data-element_type=\"section\" data-e-type=\"section\" data-settings=\"{&quot;background_background&quot;:&quot;classic&quot;}\">\n\t\t\t\t\t\t<div class=\"elementor-container elementor-column-gap-default\">\n\t\t\t\t\t<div class=\"elementor-column elementor-col-100 elementor-top-column elementor-element elementor-element-9fc1b2b\" data-id=\"9fc1b2b\" data-element_type=\"column\" data-e-type=\"column\">\n\t\t\t<div class=\"elementor-widget-wrap elementor-element-populated\">\n\t\t\t\t\t\t<div class=\"elementor-element elementor-element-5643d5b elementor-widget elementor-widget-heading\" data-id=\"5643d5b\" data-element_type=\"widget\" data-e-type=\"widget\" data-widget_type=\"heading.default\">\n\t\t\t\t\t\t<div class=\"elementor-widget-container\">\n\t\t\t\t\t<h2 class=\"elementor-heading-title elementor-size-default\"><a href=\"https:\/\/new.chic-go.ro\/galerie\/\">Testimoniale<\/a><\/h2>\t\t\t\t<\/div>\n\t\t\t\t<\/div>\n\t\t\t\t<div class=\"elementor-element elementor-element-7c2ef16 elementor-widget elementor-widget-text-editor\" data-id=\"7c2ef16\" data-element_type=\"widget\" data-e-type=\"widget\" data-widget_type=\"text-editor.default\">\n\t\t\t\t\t\t<div class=\"elementor-widget-container\">\n\t\t\t\t\t\t\t\t\tP\u0103rerile celor ce ne-au ales&#8230;\t\t\t\t\t\t\t\t<\/div>\n\t\t\t\t<\/div>\n\t\t\t\t<div class=\"elementor-element elementor-element-7f13c6a elementor-widget-divider--view-line elementor-widget elementor-widget-divider\" data-id=\"7f13c6a\" data-element_type=\"widget\" data-e-type=\"widget\" data-widget_type=\"divider.default\">\n\t\t\t\t\t\t<div class=\"elementor-widget-container\">\n\t\t\t\t\t\t\t<div class=\"elementor-divider\">\n\t\t\t<span class=\"elementor-divider-separator\">\n\t\t\t\t\t\t<\/span>\n\t\t<\/div>\n\t\t\t\t\t\t<\/div>\n\t\t\t\t<\/div>\n\t\t\t\t<div class=\"elementor-element elementor-element-a6d31b4 elementor-widget elementor-widget-html\" data-id=\"a6d31b4\" data-element_type=\"widget\" data-e-type=\"widget\" data-widget_type=\"html.default\">\n\t\t\t\t\t\t<div class=\"elementor-widget-container\">\n\t\t\t\t\t<div id=\"wid_1760953119775\"><\/div>\n<script>\nsc = document.createElement(\"script\");\nsc.setAttribute(\"defer\",true);\nsc.setAttribute(\"src\",\"https:\/\/dbwx2z9xa7qt9.cloudfront.net\/bundle.js?cachebust=1760953119775\");\nsc.setAttribute(\"theme\",\"light\");\nsc.setAttribute(\"footer\", \"true\"); \nsc.setAttribute(\"widget-type\",\"carousel\");\nsc.setAttribute(\"token\",\"68bff1ad3e7e045be110f153\");\nsc.setAttribute('apiurl', \"https:\/\/server.onlinereviews.tech\/api\/v0.0.9\");\nsc.setAttribute('stats',\"true\");\nsc.setAttribute('addReview',\"true\");\nsc.setAttribute('profile-pic',\"true\");\nsc.setAttribute('review-name',\"true\");\nsc.setAttribute('positive-stars',\"true\");\nsc.setAttribute('wl', \"true\");\nsc.setAttribute('wlndig', \"https:\/\/go.reviewsmg.ro\/chic-go\");\nsc.setAttribute('lang', \"ro\");\nsc.setAttribute('brandStyle', \"%7B%22sidebar_background%22%3A%22%23ffffff%22%2C%22sidebar_text%22%3A%22%23000000%22%2C%22brand_button_text_color%22%3A%22%23fff%22%2C%22brand_main_color%22%3A%22%23DD0079%22%2C%22brand_button_border_radius%22%3A%2220px%22%2C%22brand_sidebar_text_color_opacity%22%3A%22%230000001a%22%2C%22brand_button_hover%22%3A%22rgb(254%2C%200%2C%20139)%22%2C%22brand_button_active%22%3A%22rgb(188%2C%200%2C%20103)%22%2C%22brand_main_color_opacity%22%3A%22%23DD00791a%22%2C%22brand_font%22%3A%22Montserrat%22%2C%22star_color%22%3A%22%23FEA700%22%2C%22brand_main_background%22%3A%22%23F6F8F7%22%2C%22brand_card_background%22%3A%22white%22%2C%22poweredByLink%22%3A%22https%3A%2F%2Freviewsmg.ro%22%2C%22poweredicon%22%3A%22https%3A%2F%2Frecensioni-io-static-folder.s3.eu-central-1.amazonaws.com%2Fpublic_onlinereviews%2Fapp.reviewsmg.ro%2Fpowered.png%22%7D\");\ndocument.getElementById(\"wid_1760953119775\").appendChild(sc);\n<\/script>\t\t\t\t<\/div>\n\t\t\t\t<\/div>\n\t\t\t\t\t<\/div>\n\t\t<\/div>\n\t\t\t\t\t<\/div>\n\t\t<\/section>\n\t\t<div class=\"elementor-element elementor-element-1d27e8b e-flex e-con-boxed e-con e-parent\" data-id=\"1d27e8b\" data-element_type=\"container\" data-e-type=\"container\">\n\t\t\t\t\t<div class=\"e-con-inner\">\n\t\t\t\t\t<\/div>\n\t\t\t\t<\/div>\n\t\t\t\t<\/div>","protected":false},"excerpt":{"rendered":"<p>Blog Descoper\u0103 pe blogul Chic &amp; GO sfaturi de beauty, tendin\u021be \u00een hairstyling, inspira\u021bie \u0219i nout\u0103\u021bi din salonul nostru din Bucure\u0219ti. Uncategorized test test aprilie 24, 2026 Testimoniale P\u0103rerile celor ce ne-au ales&#8230;<\/p>","protected":false},"author":2,"featured_media":0,"parent":0,"menu_order":0,"comment_status":"closed","ping_status":"closed","template":"","meta":{"site-sidebar-layout":"no-sidebar","site-content-layout":"page-builder","ast-site-content-layout":"full-width-container","site-content-style":"unboxed","site-sidebar-style":"unboxed","ast-global-header-display":"","ast-banner-title-visibility":"","ast-main-header-display":"","ast-hfb-above-header-display":"","ast-hfb-below-header-display":"","ast-hfb-mobile-header-display":"","site-post-title":"disabled","ast-breadcrumbs-content":"","ast-featured-img":"disabled","footer-sml-layout":"","ast-disable-related-posts":"","theme-transparent-header-meta":"enabled","adv-header-id-meta":"","stick-header-meta":"default","header-above-stick-meta":"","header-main-stick-meta":"","header-below-stick-meta":"","astra-migrate-meta-layouts":"set","ast-page-background-enabled":"default","ast-page-background-meta":{"desktop":{"background-color":"","background-image":"","background-repeat":"repeat","background-position":"center center","background-size":"auto","background-attachment":"scroll","background-type":"","background-media":"","overlay-type":"","overlay-color":"","overlay-opacity":"","overlay-gradient":""},"tablet":{"background-color":"","background-image":"","background-repeat":"repeat","background-position":"center center","background-size":"auto","background-attachment":"scroll","background-type":"","background-media":"","overlay-type":"","overlay-color":"","overlay-opacity":"","overlay-gradient":""},"mobile":{"background-color":"","background-image":"","background-repeat":"repeat","background-position":"center center","background-size":"auto","background-attachment":"scroll","background-type":"","background-media":"","overlay-type":"","overlay-color":"","overlay-opacity":"","overlay-gradient":""}},"ast-content-background-meta":{"desktop":{"background-color":"var(--ast-global-color-5)","background-image":"","background-repeat":"repeat","background-position":"center center","background-size":"auto","background-attachment":"scroll","background-type":"","background-media":"","overlay-type":"","overlay-color":"","overlay-opacity":"","overlay-gradient":""},"tablet":{"background-color":"var(--ast-global-color-5)","background-image":"","background-repeat":"repeat","background-position":"center center","background-size":"auto","background-attachment":"scroll","background-type":"","background-media":"","overlay-type":"","overlay-color":"","overlay-opacity":"","overlay-gradient":""},"mobile":{"background-color":"var(--ast-global-color-5)","background-image":"","background-repeat":"repeat","background-position":"center center","background-size":"auto","background-attachment":"scroll","background-type":"","background-media":"","overlay-type":"","overlay-color":"","overlay-opacity":"","overlay-gradient":""}},"footnotes":""},"class_list":["post-4578","page","type-page","status-publish","hentry"],"yoast_head":"<!-- This site is optimized with the Yoast SEO plugin v27.4 - https:\/\/yoast.com\/product\/yoast-seo-wordpress\/ -->\n<title>Blog \u2013 Chic &amp; GO<\/title>\n<meta name=\"description\" content=\"Descoper\u0103 pe blogul Chic &amp; GO sfaturi de beauty, tendin\u021be \u00een hairstyling, inspira\u021bie \u0219i nout\u0103\u021bi din salonul nostru din Bucure\u0219ti.\" \/>\n<meta name=\"robots\" content=\"index, follow, max-snippet:-1, max-image-preview:large, max-video-preview:-1\" \/>\n<link rel=\"canonical\" href=\"https:\/\/chic-go.ro\/en\/blog\/\" \/>\n<meta property=\"og:locale\" content=\"en_GB\" \/>\n<meta property=\"og:type\" content=\"article\" \/>\n<meta property=\"og:title\" content=\"Blog \u2013 Chic &amp; GO\" \/>\n<meta property=\"og:description\" content=\"Descoper\u0103 pe blogul Chic &amp; GO sfaturi de beauty, tendin\u021be \u00een hairstyling, inspira\u021bie \u0219i nout\u0103\u021bi din salonul nostru din Bucure\u0219ti.\" \/>\n<meta property=\"og:url\" content=\"https:\/\/chic-go.ro\/en\/blog\/\" \/>\n<meta property=\"og:site_name\" content=\"Chic Go\" \/>\n<meta property=\"article:modified_time\" content=\"2026-04-24T08:55:33+00:00\" \/>\n<meta property=\"og:image\" content=\"https:\/\/chic-go.ro\/wp-content\/uploads\/2026\/03\/styling-par-scurt-06.webp\" \/>\n\t<meta property=\"og:image:width\" content=\"1000\" \/>\n\t<meta property=\"og:image:height\" content=\"1000\" \/>\n\t<meta property=\"og:image:type\" content=\"image\/webp\" \/>\n<meta name=\"twitter:card\" content=\"summary_large_image\" \/>\n<meta name=\"twitter:label1\" content=\"Estimated reading time\" \/>\n\t<meta name=\"twitter:data1\" content=\"1 minute\" \/>\n<script type=\"application\/ld+json\" class=\"yoast-schema-graph\">{\"@context\":\"https:\\\/\\\/schema.org\",\"@graph\":[{\"@type\":\"WebPage\",\"@id\":\"https:\\\/\\\/chic-go.ro\\\/blog\\\/\",\"url\":\"https:\\\/\\\/chic-go.ro\\\/blog\\\/\",\"name\":\"Blog \u2013 Chic & GO\",\"isPartOf\":{\"@id\":\"https:\\\/\\\/chic-go.ro\\\/#website\"},\"primaryImageOfPage\":{\"@id\":\"https:\\\/\\\/chic-go.ro\\\/blog\\\/#primaryimage\"},\"image\":{\"@id\":\"https:\\\/\\\/chic-go.ro\\\/blog\\\/#primaryimage\"},\"thumbnailUrl\":\"https:\\\/\\\/chic-go.ro\\\/wp-content\\\/uploads\\\/2026\\\/03\\\/styling-par-scurt-06.webp\",\"datePublished\":\"2026-04-24T08:41:10+00:00\",\"dateModified\":\"2026-04-24T08:55:33+00:00\",\"description\":\"Descoper\u0103 pe blogul Chic & GO sfaturi de beauty, tendin\u021be \u00een hairstyling, inspira\u021bie \u0219i nout\u0103\u021bi din salonul nostru din Bucure\u0219ti.\",\"breadcrumb\":{\"@id\":\"https:\\\/\\\/chic-go.ro\\\/blog\\\/#breadcrumb\"},\"inLanguage\":\"en-GB\",\"potentialAction\":[{\"@type\":\"ReadAction\",\"target\":[\"https:\\\/\\\/chic-go.ro\\\/blog\\\/\"]}]},{\"@type\":\"ImageObject\",\"inLanguage\":\"en-GB\",\"@id\":\"https:\\\/\\\/chic-go.ro\\\/blog\\\/#primaryimage\",\"url\":\"https:\\\/\\\/chic-go.ro\\\/wp-content\\\/uploads\\\/2026\\\/03\\\/styling-par-scurt-06.webp\",\"contentUrl\":\"https:\\\/\\\/chic-go.ro\\\/wp-content\\\/uploads\\\/2026\\\/03\\\/styling-par-scurt-06.webp\"},{\"@type\":\"BreadcrumbList\",\"@id\":\"https:\\\/\\\/chic-go.ro\\\/blog\\\/#breadcrumb\",\"itemListElement\":[{\"@type\":\"ListItem\",\"position\":1,\"name\":\"Prima pagin\u0103\",\"item\":\"https:\\\/\\\/chic-go.ro\\\/\"},{\"@type\":\"ListItem\",\"position\":2,\"name\":\"Blog\"}]},{\"@type\":\"WebSite\",\"@id\":\"https:\\\/\\\/chic-go.ro\\\/#website\",\"url\":\"https:\\\/\\\/chic-go.ro\\\/\",\"name\":\"Chic Go\",\"description\":\"\",\"publisher\":{\"@id\":\"https:\\\/\\\/chic-go.ro\\\/#organization\"},\"potentialAction\":[{\"@type\":\"SearchAction\",\"target\":{\"@type\":\"EntryPoint\",\"urlTemplate\":\"https:\\\/\\\/chic-go.ro\\\/?s={search_term_string}\"},\"query-input\":{\"@type\":\"PropertyValueSpecification\",\"valueRequired\":true,\"valueName\":\"search_term_string\"}}],\"inLanguage\":\"en-GB\"},{\"@type\":\"Organization\",\"@id\":\"https:\\\/\\\/chic-go.ro\\\/#organization\",\"name\":\"Chic Go\",\"url\":\"https:\\\/\\\/chic-go.ro\\\/\",\"logo\":{\"@type\":\"ImageObject\",\"inLanguage\":\"en-GB\",\"@id\":\"https:\\\/\\\/chic-go.ro\\\/#\\\/schema\\\/logo\\\/image\\\/\",\"url\":\"https:\\\/\\\/chic-go.ro\\\/wp-content\\\/uploads\\\/2025\\\/10\\\/Logo_ChicGO_FINAL_200x655mm_.png\",\"contentUrl\":\"https:\\\/\\\/chic-go.ro\\\/wp-content\\\/uploads\\\/2025\\\/10\\\/Logo_ChicGO_FINAL_200x655mm_.png\",\"width\":2363,\"height\":775,\"caption\":\"Chic Go\"},\"image\":{\"@id\":\"https:\\\/\\\/chic-go.ro\\\/#\\\/schema\\\/logo\\\/image\\\/\"}}]}<\/script>\n<!-- \/ Yoast SEO plugin. -->","yoast_head_json":{"title":"Blog \u2013 Chic & GO","description":"Descoper\u0103 pe blogul Chic & GO sfaturi de beauty, tendin\u021be \u00een hairstyling, inspira\u021bie \u0219i nout\u0103\u021bi din salonul nostru din Bucure\u0219ti.","robots":{"index":"index","follow":"follow","max-snippet":"max-snippet:-1","max-image-preview":"max-image-preview:large","max-video-preview":"max-video-preview:-1"},"canonical":"https:\/\/chic-go.ro\/en\/blog\/","og_locale":"en_GB","og_type":"article","og_title":"Blog \u2013 Chic & GO","og_description":"Descoper\u0103 pe blogul Chic & GO sfaturi de beauty, tendin\u021be \u00een hairstyling, inspira\u021bie \u0219i nout\u0103\u021bi din salonul nostru din Bucure\u0219ti.","og_url":"https:\/\/chic-go.ro\/en\/blog\/","og_site_name":"Chic Go","article_modified_time":"2026-04-24T08:55:33+00:00","og_image":[{"width":1000,"height":1000,"url":"https:\/\/chic-go.ro\/wp-content\/uploads\/2026\/03\/styling-par-scurt-06.webp","type":"image\/webp"}],"twitter_card":"summary_large_image","twitter_misc":{"Estimated reading time":"1 minute"},"schema":{"@context":"https:\/\/schema.org","@graph":[{"@type":"WebPage","@id":"https:\/\/chic-go.ro\/blog\/","url":"https:\/\/chic-go.ro\/blog\/","name":"Blog \u2013 Chic & GO","isPartOf":{"@id":"https:\/\/chic-go.ro\/#website"},"primaryImageOfPage":{"@id":"https:\/\/chic-go.ro\/blog\/#primaryimage"},"image":{"@id":"https:\/\/chic-go.ro\/blog\/#primaryimage"},"thumbnailUrl":"https:\/\/chic-go.ro\/wp-content\/uploads\/2026\/03\/styling-par-scurt-06.webp","datePublished":"2026-04-24T08:41:10+00:00","dateModified":"2026-04-24T08:55:33+00:00","description":"Descoper\u0103 pe blogul Chic & GO sfaturi de beauty, tendin\u021be \u00een hairstyling, inspira\u021bie \u0219i nout\u0103\u021bi din salonul nostru din Bucure\u0219ti.","breadcrumb":{"@id":"https:\/\/chic-go.ro\/blog\/#breadcrumb"},"inLanguage":"en-GB","potentialAction":[{"@type":"ReadAction","target":["https:\/\/chic-go.ro\/blog\/"]}]},{"@type":"ImageObject","inLanguage":"en-GB","@id":"https:\/\/chic-go.ro\/blog\/#primaryimage","url":"https:\/\/chic-go.ro\/wp-content\/uploads\/2026\/03\/styling-par-scurt-06.webp","contentUrl":"https:\/\/chic-go.ro\/wp-content\/uploads\/2026\/03\/styling-par-scurt-06.webp"},{"@type":"BreadcrumbList","@id":"https:\/\/chic-go.ro\/blog\/#breadcrumb","itemListElement":[{"@type":"ListItem","position":1,"name":"Prima pagin\u0103","item":"https:\/\/chic-go.ro\/"},{"@type":"ListItem","position":2,"name":"Blog"}]},{"@type":"WebSite","@id":"https:\/\/chic-go.ro\/#website","url":"https:\/\/chic-go.ro\/","name":"Chic Go","description":"","publisher":{"@id":"https:\/\/chic-go.ro\/#organization"},"potentialAction":[{"@type":"SearchAction","target":{"@type":"EntryPoint","urlTemplate":"https:\/\/chic-go.ro\/?s={search_term_string}"},"query-input":{"@type":"PropertyValueSpecification","valueRequired":true,"valueName":"search_term_string"}}],"inLanguage":"en-GB"},{"@type":"Organization","@id":"https:\/\/chic-go.ro\/#organization","name":"Chic Go","url":"https:\/\/chic-go.ro\/","logo":{"@type":"ImageObject","inLanguage":"en-GB","@id":"https:\/\/chic-go.ro\/#\/schema\/logo\/image\/","url":"https:\/\/chic-go.ro\/wp-content\/uploads\/2025\/10\/Logo_ChicGO_FINAL_200x655mm_.png","contentUrl":"https:\/\/chic-go.ro\/wp-content\/uploads\/2025\/10\/Logo_ChicGO_FINAL_200x655mm_.png","width":2363,"height":775,"caption":"Chic Go"},"image":{"@id":"https:\/\/chic-go.ro\/#\/schema\/logo\/image\/"}}]}},"_links":{"self":[{"href":"https:\/\/chic-go.ro\/en\/wp-json\/wp\/v2\/pages\/4578","targetHints":{"allow":["GET"]}}],"collection":[{"href":"https:\/\/chic-go.ro\/en\/wp-json\/wp\/v2\/pages"}],"about":[{"href":"https:\/\/chic-go.ro\/en\/wp-json\/wp\/v2\/types\/page"}],"author":[{"embeddable":true,"href":"https:\/\/chic-go.ro\/en\/wp-json\/wp\/v2\/users\/2"}],"replies":[{"embeddable":true,"href":"https:\/\/chic-go.ro\/en\/wp-json\/wp\/v2\/comments?post=4578"}],"version-history":[{"count":17,"href":"https:\/\/chic-go.ro\/en\/wp-json\/wp\/v2\/pages\/4578\/revisions"}],"predecessor-version":[{"id":4598,"href":"https:\/\/chic-go.ro\/en\/wp-json\/wp\/v2\/pages\/4578\/revisions\/4598"}],"wp:attachment":[{"href":"https:\/\/chic-go.ro\/en\/wp-json\/wp\/v2\/media?parent=4578"}],"curies":[{"name":"wp","href":"https:\/\/api.w.org\/{rel}","templated":true}]}}