{"id":2647,"date":"2025-09-09T11:14:05","date_gmt":"2025-09-09T11:14:05","guid":{"rendered":"https:\/\/new.chic-go.ro\/?page_id=2647"},"modified":"2025-10-20T10:32:41","modified_gmt":"2025-10-20T10:32:41","slug":"politica-cookie","status":"publish","type":"page","link":"https:\/\/chic-go.ro\/en\/politica-cookie\/","title":{"rendered":"Politica Cookie"},"content":{"rendered":"<div data-elementor-type=\"wp-page\" data-elementor-id=\"2647\" class=\"elementor elementor-2647\" data-elementor-post-type=\"page\">\n\t\t\t\t<div class=\"elementor-element elementor-element-78c0d78 e-flex e-con-boxed e-con e-parent\" data-id=\"78c0d78\" data-element_type=\"container\" data-e-type=\"container\" data-settings=\"{&quot;background_background&quot;:&quot;classic&quot;}\">\n\t\t\t\t\t<div class=\"e-con-inner\">\n\t\t<div class=\"elementor-element elementor-element-5f852e0 e-con-full e-flex e-con e-child\" data-id=\"5f852e0\" data-element_type=\"container\" data-e-type=\"container\">\n\t\t\t\t<div class=\"elementor-element elementor-element-772d52a elementor-widget elementor-widget-heading\" data-id=\"772d52a\" data-element_type=\"widget\" data-e-type=\"widget\" data-widget_type=\"heading.default\">\n\t\t\t\t\t\t<div class=\"elementor-widget-container\">\n\t\t\t\t\t<h1 class=\"elementor-heading-title elementor-size-default\">Politica Cookie<\/h1>\t\t\t\t<\/div>\n\t\t\t\t<\/div>\n\t\t\t\t<div class=\"elementor-element elementor-element-c57b9dd elementor-widget-divider--view-line elementor-widget elementor-widget-divider\" data-id=\"c57b9dd\" data-element_type=\"widget\" data-e-type=\"widget\" data-widget_type=\"divider.default\">\n\t\t\t\t\t\t<div class=\"elementor-widget-container\">\n\t\t\t\t\t\t\t<div class=\"elementor-divider\">\n\t\t\t<span class=\"elementor-divider-separator\">\n\t\t\t\t\t\t<\/span>\n\t\t<\/div>\n\t\t\t\t\t\t<\/div>\n\t\t\t\t<\/div>\n\t\t\t\t<\/div>\n\t\t\t\t\t<\/div>\n\t\t\t\t<\/div>\n\t\t<div class=\"elementor-element elementor-element-aaaed66 e-flex e-con-boxed e-con e-parent\" data-id=\"aaaed66\" data-element_type=\"container\" data-e-type=\"container\">\n\t\t\t\t\t<div class=\"e-con-inner\">\n\t\t\t\t<div class=\"elementor-element elementor-element-8b75e69 elementor-widget elementor-widget-text-editor\" data-id=\"8b75e69\" data-element_type=\"widget\" data-e-type=\"widget\" data-widget_type=\"text-editor.default\">\n\t\t\t\t\t\t<div class=\"elementor-widget-container\">\n\t\t\t\t\t\t\t\t\t<h5><strong>Politica utilizare cookie<\/strong><\/h5><p>Document de informare a utilizatorilor despre prezen\u021ba cookie-urilor pe site-urile web ale chic-go.ro. Informa\u021biile prezentate \u00een continuare au scopul de a aduce la cuno\u0219tin\u021ba utilizatorului mai multe detalii despre plasarea, utilizarea si administrarea \u201ccookie\u201d-urilor utilizate de site-urile chic-go.ro (ex. chic-go.ro, etc).<\/p><h5>\u00a0<\/h5><h5>Ce este un cookie?<\/h5><p>Un cookie este un fi\u0219ier text care con\u021bine informa\u021bii desc\u0103rcate pe dispozitivul dvs. atunci c\u00e2nd vizita\u021bi (pentru prima dat\u0103) un site web. Acel cookie este trimis \u00eenapoi la fiecare vizit\u0103 ulterioar\u0103 c\u0103tre site-ul web de origine sau c\u0103tre alt site web care \u00eel recunoa\u0219te. Cookie-urile sunt utile deoarece permit unui site web s\u0103 recunoasc\u0103 un dispozitiv \u0219i v\u0103 ofer\u0103 o experien\u021b\u0103 mai eficient\u0103 \u0219i personalizat\u0103.<\/p><h5>\u00a0<\/h5><h5>Ce NU este un cookie?<\/h5><p>Cookie-urile NU sunt viru\u0219i! Ele folosesc formate tip plain text. Nu sunt alc\u0103tuite din buc\u0103\u021bi de cod, a\u0219a c\u0103 nu pot fi executate \u0219i nici nu pot auto-rula. \u00cen consecin\u021b\u0103, nu se pot duplica sau replica pe alte re\u021bele pentru a se rula sau replica din nou.<\/p><h5>\u00a0<\/h5><h5>Ce tipuri de cookie sunt utilizate?<\/h5><p>chic-go.ro folose\u0219te pe site-urile sale at\u00e2t cookie-uri proprietare c\u00e2t \u0219i cookie-uri ter\u021be.<\/p><p>Cookie-urile proprietare sunt cookie-uri utilizate de chic-go.ro c\u00e2nd vizita\u021bi unul dintre site-urile noastre web \u0219i sunt de urm\u0103toarele tipuri: tehnice, de sesiune, persistente \u0219i func\u021bionale:<\/p><p>Cookie-urile tehnice sunt esen\u021biale pentru func\u021bionarea corect\u0103 a site-ului web. Aceste cookie-uri v\u0103 permit s\u0103 naviga\u021bi \u00eentre diferite sec\u021biuni ale site-ului web \u0219i s\u0103 utiliza\u021bi func\u021bii specifice.<br \/>Cookie-urile de sesiune sunt cookie-uri temporare care v\u0103 permit s\u0103 naviga\u021bi simplu \u0219i rapid pe site.<br \/>Cookie-urile persistente sau \u2018cookie-urile de urm\u0103rire\u2019 dureaz\u0103 mai multe sesiuni \u0219i r\u0103m\u00e2n \u00een browser o perioad\u0103 de timp dup\u0103 \u00eencheierea sesiunii (dac\u0103 nu le \u0219terge\u021bi).<br \/>Cookie-urile func\u021bionale monitorizeaz\u0103 func\u021bionarea corect\u0103 a site-ului web \u0219i \u00eei permit acestuia s\u0103 \u021bin\u0103 minte op\u021biunile dvs. (de ex., limba, numele de utilizator sau regiunea). Acestea ofer\u0103 func\u021bii \u00eembun\u0103t\u0103\u021bite \u0219i personale, care v\u0103 ajut\u0103 s\u0103 nu mai selecta\u021bi op\u021biunile de fiecare dat\u0103 c\u00e2nd vizita\u021bi site-ul web.<br \/>Cookie-urile ter\u021be sunt module cookie care sunt utilizate de chic-go.roc\u00e2nd vizita\u021bi unul dintre site-urile noastre web \u0219i sunt de urm\u0103toarele tipuri:<\/p><p>Cookie-urile de performan\u021b\u0103 (Google Analytics): colecteaz\u0103 informa\u021bii anonime \u0219i centralizate despre comportamentul dumneavoastr\u0103 online (tipul de browser, adresa IP, sistemul de operare utilizat, numele domeniului site-ului pe care l-a\u021bi vizitat \u0219i momentul p\u0103r\u0103sirii site-ului, data \u0219i ora la care a\u021bi vizitat un site web, etc.) \u00een scopuri statistice \u0219i pentru generarea profilurilor vizitatorilor.<br \/>Cookie-urile pe care la folosim noi nu colecteaz\u0103 date care s\u0103 v\u0103 dezv\u0103luie identitatea \u0219i, de aceea, nu v\u0103 putem identifica cu ajutorul lor. Site-urile noastre web pot con\u021bine link-uri c\u0103tre alte site-uri web care nu sunt de\u021binute\/administrate de chic-go.ro (con\u021binut ter\u021b, linkuri \u0219i plug-in-uri). chic-go.ro nu \u00ee\u0219i asum\u0103 responsabilitatea pentru practicile de confiden\u021bialitate aplicate de aceste site-uri web.<\/p><h5>\u00a0<\/h5><h5>Cum v\u0103 exprima\u021bi acordul?<\/h5><p>C\u00e2nd vizita\u021bi pentru prima dat\u0103 site-urile noastre, \u00een partea de sus a ecranului este afi\u0219at un banner cu un mesaj despre cookie. Dac\u0103 da\u021bi click pe butonul \u201eAccept\u201d sau continua\u021bi s\u0103 vizita\u021bi site-ul, atunci v\u0103 exprima\u021bi acordul implicit pentru utilizarea cookie-urilor conform prezentei politici de utilizare a cookie-urilor, cu excep\u021bia cazului \u00een care v-a\u021bi setat browserul astfel \u00eenc\u00e2t s\u0103 resping\u0103 cookie-urile (vezi mai jos)<\/p><h5>\u00a0<\/h5><h5>Cum respinge\u021bi cookie-urile?<\/h5><p>Pute\u021bi s\u0103 v\u0103 retrage\u021bi \u00een orice moment acordul \u0219terg\u00e2nd cookie-urile din browser.<\/p><p>Aceste set\u0103ri se g\u0103sesc de obicei \u00een meniul \u2018op\u021biuni\u2019 sau \u2018preferin\u021be\u2019 din browser. Pentru a \u00een\u021belege aceste set\u0103ri, ar putea fi utile urm\u0103toarele linkuri (sau accesa\u021bi op\u021biunea \u2018Ajutor\u2019 din browser pentru mai multe detalii):<\/p><p>\u00a0<\/p><p><a href=\"https:\/\/support.microsoft.com\/ro-RO\/help\/196955\">Set\u0103rile pentru cookie din Internet Explorer<\/a><br \/><a href=\"https:\/\/support.mozilla.org\/en-US\/kb\/cookies-information-websites-store-on-your-computer?redirectlocale=en-US&amp;redirectslug=Cookies\">Set\u0103rile pentru cookie din Firefox<\/a><br \/><a href=\"https:\/\/support.google.com\/chrome\/answer\/95647?hl=en\">Set\u0103rile pentru cookie din Chrome<\/a><br \/><a href=\"https:\/\/support.apple.com\/ro-ro\/105082\">Set\u0103rile pentru cookie din Safari<\/a><\/p><p>Schimbarea set\u0103rillor din browser pentru a respinge cookie-urile poate influen\u021ba modul \u00een care ne accesa\u021bi site-ul web \u0219i este posibil s\u0103 v\u0103 fie respins accesul la anumite sec\u021biuni ale acestuia. Pute\u021bi schimba \u00een orice moment set\u0103rile browserului.<\/p>\t\t\t\t\t\t\t\t<\/div>\n\t\t\t\t<\/div>\n\t\t\t\t\t<\/div>\n\t\t\t\t<\/div>\n\t\t\t\t<\/div>","protected":false},"excerpt":{"rendered":"<p>Politica Cookie Politica utilizare cookie Document de informare a utilizatorilor despre prezen\u021ba cookie-urilor pe site-urile web ale chic-go.ro. Informa\u021biile prezentate \u00een continuare au scopul de a aduce la cuno\u0219tin\u021ba utilizatorului mai multe detalii despre plasarea, utilizarea si administrarea \u201ccookie\u201d-urilor utilizate de site-urile chic-go.ro (ex. chic-go.ro, etc). \u00a0 Ce este un cookie? Un cookie este un [&hellip;]<\/p>\n","protected":false},"author":3,"featured_media":0,"parent":0,"menu_order":0,"comment_status":"closed","ping_status":"closed","template":"","meta":{"site-sidebar-layout":"no-sidebar","site-content-layout":"page-builder","ast-site-content-layout":"full-width-container","site-content-style":"unboxed","site-sidebar-style":"unboxed","ast-global-header-display":"","ast-banner-title-visibility":"","ast-main-header-display":"","ast-hfb-above-header-display":"","ast-hfb-below-header-display":"","ast-hfb-mobile-header-display":"","site-post-title":"disabled","ast-breadcrumbs-content":"","ast-featured-img":"disabled","footer-sml-layout":"","ast-disable-related-posts":"","theme-transparent-header-meta":"enabled","adv-header-id-meta":"","stick-header-meta":"default","header-above-stick-meta":"","header-main-stick-meta":"","header-below-stick-meta":"","astra-migrate-meta-layouts":"set","ast-page-background-enabled":"default","ast-page-background-meta":{"desktop":{"background-color":"","background-image":"","background-repeat":"repeat","background-position":"center center","background-size":"auto","background-attachment":"scroll","background-type":"","background-media":"","overlay-type":"","overlay-color":"","overlay-opacity":"","overlay-gradient":""},"tablet":{"background-color":"","background-image":"","background-repeat":"repeat","background-position":"center center","background-size":"auto","background-attachment":"scroll","background-type":"","background-media":"","overlay-type":"","overlay-color":"","overlay-opacity":"","overlay-gradient":""},"mobile":{"background-color":"","background-image":"","background-repeat":"repeat","background-position":"center center","background-size":"auto","background-attachment":"scroll","background-type":"","background-media":"","overlay-type":"","overlay-color":"","overlay-opacity":"","overlay-gradient":""}},"ast-content-background-meta":{"desktop":{"background-color":"var(--ast-global-color-5)","background-image":"","background-repeat":"repeat","background-position":"center center","background-size":"auto","background-attachment":"scroll","background-type":"","background-media":"","overlay-type":"","overlay-color":"","overlay-opacity":"","overlay-gradient":""},"tablet":{"background-color":"var(--ast-global-color-5)","background-image":"","background-repeat":"repeat","background-position":"center center","background-size":"auto","background-attachment":"scroll","background-type":"","background-media":"","overlay-type":"","overlay-color":"","overlay-opacity":"","overlay-gradient":""},"mobile":{"background-color":"var(--ast-global-color-5)","background-image":"","background-repeat":"repeat","background-position":"center center","background-size":"auto","background-attachment":"scroll","background-type":"","background-media":"","overlay-type":"","overlay-color":"","overlay-opacity":"","overlay-gradient":""}},"footnotes":""},"class_list":["post-2647","page","type-page","status-publish","hentry"],"yoast_head":"<!-- This site is optimized with the Yoast SEO plugin v27.4 - https:\/\/yoast.com\/product\/yoast-seo-wordpress\/ -->\n<title>Politica Cookie - Chic Go<\/title>\n<meta name=\"robots\" content=\"noindex, nofollow\" \/>\n<meta property=\"og:locale\" content=\"en_GB\" \/>\n<meta property=\"og:type\" content=\"article\" \/>\n<meta property=\"og:title\" content=\"Politica Cookie - Chic Go\" \/>\n<meta property=\"og:description\" content=\"Politica Cookie Politica utilizare cookie Document de informare a utilizatorilor despre prezen\u021ba cookie-urilor pe site-urile web ale chic-go.ro. Informa\u021biile prezentate \u00een continuare au scopul de a aduce la cuno\u0219tin\u021ba utilizatorului mai multe detalii despre plasarea, utilizarea si administrarea \u201ccookie\u201d-urilor utilizate de site-urile chic-go.ro (ex. chic-go.ro, etc). \u00a0 Ce este un cookie? Un cookie este un [&hellip;]\" \/>\n<meta property=\"og:url\" content=\"https:\/\/chic-go.ro\/en\/politica-cookie\/\" \/>\n<meta property=\"og:site_name\" content=\"Chic Go\" \/>\n<meta property=\"article:modified_time\" content=\"2025-10-20T10:32:41+00:00\" \/>\n<meta name=\"twitter:card\" content=\"summary_large_image\" \/>\n<meta name=\"twitter:label1\" content=\"Estimated reading time\" \/>\n\t<meta name=\"twitter:data1\" content=\"4 minutes\" \/>\n<script type=\"application\/ld+json\" class=\"yoast-schema-graph\">{\"@context\":\"https:\\\/\\\/schema.org\",\"@graph\":[{\"@type\":\"WebPage\",\"@id\":\"https:\\\/\\\/chic-go.ro\\\/politica-cookie\\\/\",\"url\":\"https:\\\/\\\/chic-go.ro\\\/politica-cookie\\\/\",\"name\":\"Politica Cookie - Chic Go\",\"isPartOf\":{\"@id\":\"https:\\\/\\\/chic-go.ro\\\/#website\"},\"datePublished\":\"2025-09-09T11:14:05+00:00\",\"dateModified\":\"2025-10-20T10:32:41+00:00\",\"breadcrumb\":{\"@id\":\"https:\\\/\\\/chic-go.ro\\\/politica-cookie\\\/#breadcrumb\"},\"inLanguage\":\"en-GB\",\"potentialAction\":[{\"@type\":\"ReadAction\",\"target\":[\"https:\\\/\\\/chic-go.ro\\\/politica-cookie\\\/\"]}]},{\"@type\":\"BreadcrumbList\",\"@id\":\"https:\\\/\\\/chic-go.ro\\\/politica-cookie\\\/#breadcrumb\",\"itemListElement\":[{\"@type\":\"ListItem\",\"position\":1,\"name\":\"Prima pagin\u0103\",\"item\":\"https:\\\/\\\/chic-go.ro\\\/\"},{\"@type\":\"ListItem\",\"position\":2,\"name\":\"Politica Cookie\"}]},{\"@type\":\"WebSite\",\"@id\":\"https:\\\/\\\/chic-go.ro\\\/#website\",\"url\":\"https:\\\/\\\/chic-go.ro\\\/\",\"name\":\"Chic Go\",\"description\":\"\",\"publisher\":{\"@id\":\"https:\\\/\\\/chic-go.ro\\\/#organization\"},\"potentialAction\":[{\"@type\":\"SearchAction\",\"target\":{\"@type\":\"EntryPoint\",\"urlTemplate\":\"https:\\\/\\\/chic-go.ro\\\/?s={search_term_string}\"},\"query-input\":{\"@type\":\"PropertyValueSpecification\",\"valueRequired\":true,\"valueName\":\"search_term_string\"}}],\"inLanguage\":\"en-GB\"},{\"@type\":\"Organization\",\"@id\":\"https:\\\/\\\/chic-go.ro\\\/#organization\",\"name\":\"Chic Go\",\"url\":\"https:\\\/\\\/chic-go.ro\\\/\",\"logo\":{\"@type\":\"ImageObject\",\"inLanguage\":\"en-GB\",\"@id\":\"https:\\\/\\\/chic-go.ro\\\/#\\\/schema\\\/logo\\\/image\\\/\",\"url\":\"https:\\\/\\\/chic-go.ro\\\/wp-content\\\/uploads\\\/2025\\\/10\\\/Logo_ChicGO_FINAL_200x655mm_.png\",\"contentUrl\":\"https:\\\/\\\/chic-go.ro\\\/wp-content\\\/uploads\\\/2025\\\/10\\\/Logo_ChicGO_FINAL_200x655mm_.png\",\"width\":2363,\"height\":775,\"caption\":\"Chic Go\"},\"image\":{\"@id\":\"https:\\\/\\\/chic-go.ro\\\/#\\\/schema\\\/logo\\\/image\\\/\"}}]}<\/script>\n<!-- \/ Yoast SEO plugin. -->","yoast_head_json":{"title":"Politica Cookie - Chic Go","robots":{"index":"noindex","follow":"nofollow"},"og_locale":"en_GB","og_type":"article","og_title":"Politica Cookie - Chic Go","og_description":"Politica Cookie Politica utilizare cookie Document de informare a utilizatorilor despre prezen\u021ba cookie-urilor pe site-urile web ale chic-go.ro. Informa\u021biile prezentate \u00een continuare au scopul de a aduce la cuno\u0219tin\u021ba utilizatorului mai multe detalii despre plasarea, utilizarea si administrarea \u201ccookie\u201d-urilor utilizate de site-urile chic-go.ro (ex. chic-go.ro, etc). \u00a0 Ce este un cookie? Un cookie este un [&hellip;]","og_url":"https:\/\/chic-go.ro\/en\/politica-cookie\/","og_site_name":"Chic Go","article_modified_time":"2025-10-20T10:32:41+00:00","twitter_card":"summary_large_image","twitter_misc":{"Estimated reading time":"4 minutes"},"schema":{"@context":"https:\/\/schema.org","@graph":[{"@type":"WebPage","@id":"https:\/\/chic-go.ro\/politica-cookie\/","url":"https:\/\/chic-go.ro\/politica-cookie\/","name":"Politica Cookie - Chic Go","isPartOf":{"@id":"https:\/\/chic-go.ro\/#website"},"datePublished":"2025-09-09T11:14:05+00:00","dateModified":"2025-10-20T10:32:41+00:00","breadcrumb":{"@id":"https:\/\/chic-go.ro\/politica-cookie\/#breadcrumb"},"inLanguage":"en-GB","potentialAction":[{"@type":"ReadAction","target":["https:\/\/chic-go.ro\/politica-cookie\/"]}]},{"@type":"BreadcrumbList","@id":"https:\/\/chic-go.ro\/politica-cookie\/#breadcrumb","itemListElement":[{"@type":"ListItem","position":1,"name":"Prima pagin\u0103","item":"https:\/\/chic-go.ro\/"},{"@type":"ListItem","position":2,"name":"Politica Cookie"}]},{"@type":"WebSite","@id":"https:\/\/chic-go.ro\/#website","url":"https:\/\/chic-go.ro\/","name":"Chic Go","description":"","publisher":{"@id":"https:\/\/chic-go.ro\/#organization"},"potentialAction":[{"@type":"SearchAction","target":{"@type":"EntryPoint","urlTemplate":"https:\/\/chic-go.ro\/?s={search_term_string}"},"query-input":{"@type":"PropertyValueSpecification","valueRequired":true,"valueName":"search_term_string"}}],"inLanguage":"en-GB"},{"@type":"Organization","@id":"https:\/\/chic-go.ro\/#organization","name":"Chic Go","url":"https:\/\/chic-go.ro\/","logo":{"@type":"ImageObject","inLanguage":"en-GB","@id":"https:\/\/chic-go.ro\/#\/schema\/logo\/image\/","url":"https:\/\/chic-go.ro\/wp-content\/uploads\/2025\/10\/Logo_ChicGO_FINAL_200x655mm_.png","contentUrl":"https:\/\/chic-go.ro\/wp-content\/uploads\/2025\/10\/Logo_ChicGO_FINAL_200x655mm_.png","width":2363,"height":775,"caption":"Chic Go"},"image":{"@id":"https:\/\/chic-go.ro\/#\/schema\/logo\/image\/"}}]}},"_links":{"self":[{"href":"https:\/\/chic-go.ro\/en\/wp-json\/wp\/v2\/pages\/2647","targetHints":{"allow":["GET"]}}],"collection":[{"href":"https:\/\/chic-go.ro\/en\/wp-json\/wp\/v2\/pages"}],"about":[{"href":"https:\/\/chic-go.ro\/en\/wp-json\/wp\/v2\/types\/page"}],"author":[{"embeddable":true,"href":"https:\/\/chic-go.ro\/en\/wp-json\/wp\/v2\/users\/3"}],"replies":[{"embeddable":true,"href":"https:\/\/chic-go.ro\/en\/wp-json\/wp\/v2\/comments?post=2647"}],"version-history":[{"count":13,"href":"https:\/\/chic-go.ro\/en\/wp-json\/wp\/v2\/pages\/2647\/revisions"}],"predecessor-version":[{"id":3696,"href":"https:\/\/chic-go.ro\/en\/wp-json\/wp\/v2\/pages\/2647\/revisions\/3696"}],"wp:attachment":[{"href":"https:\/\/chic-go.ro\/en\/wp-json\/wp\/v2\/media?parent=2647"}],"curies":[{"name":"wp","href":"https:\/\/api.w.org\/{rel}","templated":true}]}}